{"id":661,"date":"2018-12-02T16:12:52","date_gmt":"2018-12-02T15:12:52","guid":{"rendered":"https:\/\/lemmel.com\/?page_id=661"},"modified":"2018-12-02T16:22:17","modified_gmt":"2018-12-02T15:22:17","slug":"lemmels-almost-latest","status":"publish","type":"page","link":"https:\/\/lemmel.com\/?page_id=661","title":{"rendered":"Lemmels almost latest"},"content":{"rendered":"<div class=\"wpb-content-wrapper\"><div style=\"padding-bottom:60px;\" class=\"container \"><div class=\"vc_row wpb_row vc_row-fluid\">[vc_column]<div class=\"padding-tiny-bottom\"><div id=\"post-711\" class=\"blog-post-big post-711 post type-post status-publish format-standard has-post-thumbnail hentry category-lemmels-latest\">\r\n    \t<div class=\"text-center\"><a href=\"https:\/\/lemmel.com\/?p=711\"><img decoding=\"async\" src=\"https:\/\/lemmel.com\/wp-content\/uploads\/2021\/01\/20210102_132122-940x705.jpg\" class=\"image\" alt=\"Ny\u00c5r(e) 2021\" \/><\/a><\/div>\r\n    <div class=\"info\">\r\n        <div class=\"arrow\"><\/div>\r\n        <div class=\"stats clearfix\">\r\n            <div class=\"stat uppercase\"><i class=\"fa fa-calendar\"><\/i>2021-01-01<\/div>\r\n            <div class=\"stat uppercase\"><i class=\"fa fa-user\"><\/i><a href=\"https:\/\/lemmel.com\/?author=1\" title=\"Posts by lemmel@lemmel.com\" rel=\"author\">lemmel@lemmel.com<\/a><\/div>\r\n            <div class=\"stat uppercase\"><i class=\"fa fa-folder-o\"><\/i><a href=\"https:\/\/lemmel.com\/?cat=14\" rel=\"category\">Lemmels Latest<\/a><\/div>\r\n                            <div class=\"stat uppercase\"><i class=\"fa fa-eye\"><\/i>4,195<\/div>\r\n                    <\/div>\r\n    <\/div>\r\n    <div class=\"content\">\r\n        <div class=\"sub-heading\"><a href=\"https:\/\/lemmel.com\/?p=711\">Ny\u00c5r(e) 2021<\/a><\/div>\r\n        <p>-21 celsius clear weather at the top of \u00c5reskutan<\/p>    <\/div>\r\n    <a href=\"https:\/\/lemmel.com\/?p=711\" class=\"button button-small\">Read more<\/a>\r\n<\/div>\r\n<div id=\"post-703\" class=\"blog-post-big post-703 post type-post status-publish format-standard has-post-thumbnail hentry category-lemmels-latest\">\r\n    \t<div class=\"text-center\"><a href=\"https:\/\/lemmel.com\/?p=703\"><img decoding=\"async\" src=\"https:\/\/lemmel.com\/wp-content\/uploads\/2021\/01\/DSC_0322-940x629.jpg\" class=\"image\" alt=\"New Year 2020 In Tokyo\" \/><\/a><\/div>\r\n    <div class=\"info\">\r\n        <div class=\"arrow\"><\/div>\r\n        <div class=\"stats clearfix\">\r\n            <div class=\"stat uppercase\"><i class=\"fa fa-calendar\"><\/i>2020-01-01<\/div>\r\n            <div class=\"stat uppercase\"><i class=\"fa fa-user\"><\/i><a href=\"https:\/\/lemmel.com\/?author=1\" title=\"Posts by lemmel@lemmel.com\" rel=\"author\">lemmel@lemmel.com<\/a><\/div>\r\n            <div class=\"stat uppercase\"><i class=\"fa fa-folder-o\"><\/i><a href=\"https:\/\/lemmel.com\/?cat=14\" rel=\"category\">Lemmels Latest<\/a><\/div>\r\n                            <div class=\"stat uppercase\"><i class=\"fa fa-eye\"><\/i>4,070<\/div>\r\n                    <\/div>\r\n    <\/div>\r\n    <div class=\"content\">\r\n        <div class=\"sub-heading\"><a href=\"https:\/\/lemmel.com\/?p=703\">New Year 2020 In Tokyo<\/a><\/div>\r\n        <p>Nowone knew what 2020 would look like&#8230;<\/p>    <\/div>\r\n    <a href=\"https:\/\/lemmel.com\/?p=703\" class=\"button button-small\">Read more<\/a>\r\n<\/div>\r\n<div id=\"post-701\" class=\"blog-post-big post-701 post type-post status-publish format-standard has-post-thumbnail hentry category-lemmels-latest\">\r\n    \t<div class=\"text-center\"><a href=\"https:\/\/lemmel.com\/?p=701\"><img decoding=\"async\" src=\"https:\/\/lemmel.com\/wp-content\/uploads\/2021\/01\/DSC_0584-940x629.jpg\" class=\"image\" alt=\"New Year 2019 in HongKong\" \/><\/a><\/div>\r\n    <div class=\"info\">\r\n        <div class=\"arrow\"><\/div>\r\n        <div class=\"stats clearfix\">\r\n            <div class=\"stat uppercase\"><i class=\"fa fa-calendar\"><\/i>2019-01-10<\/div>\r\n            <div class=\"stat uppercase\"><i class=\"fa fa-user\"><\/i><a href=\"https:\/\/lemmel.com\/?author=1\" title=\"Posts by lemmel@lemmel.com\" rel=\"author\">lemmel@lemmel.com<\/a><\/div>\r\n            <div class=\"stat uppercase\"><i class=\"fa fa-folder-o\"><\/i><a href=\"https:\/\/lemmel.com\/?cat=14\" rel=\"category\">Lemmels Latest<\/a><\/div>\r\n                            <div class=\"stat uppercase\"><i class=\"fa fa-eye\"><\/i>4,064<\/div>\r\n                    <\/div>\r\n    <\/div>\r\n    <div class=\"content\">\r\n        <div class=\"sub-heading\"><a href=\"https:\/\/lemmel.com\/?p=701\">New Year 2019 in HongKong<\/a><\/div>\r\n        <p>Top Air quality at the peak, clear weather !<\/p>    <\/div>\r\n    <a href=\"https:\/\/lemmel.com\/?p=701\" class=\"button button-small\">Read more<\/a>\r\n<\/div>\r\n<div id=\"post-632\" class=\"blog-post-big post-632 post type-post status-publish format-standard has-post-thumbnail hentry category-lemmels-latest tag-previous\">\r\n    \t<div class=\"text-center\"><a href=\"https:\/\/lemmel.com\/?p=632\"><img decoding=\"async\" src=\"https:\/\/lemmel.com\/wp-content\/uploads\/2018\/11\/DSC_0432-940x629.jpg\" class=\"image\" alt=\"New York\" \/><\/a><\/div>\r\n    <div class=\"info\">\r\n        <div class=\"arrow\"><\/div>\r\n        <div class=\"stats clearfix\">\r\n            <div class=\"stat uppercase\"><i class=\"fa fa-calendar\"><\/i>2018-11-01<\/div>\r\n            <div class=\"stat uppercase\"><i class=\"fa fa-user\"><\/i><a href=\"https:\/\/lemmel.com\/?author=1\" title=\"Posts by lemmel@lemmel.com\" rel=\"author\">lemmel@lemmel.com<\/a><\/div>\r\n            <div class=\"stat uppercase\"><i class=\"fa fa-folder-o\"><\/i><a href=\"https:\/\/lemmel.com\/?cat=14\" rel=\"category\">Lemmels Latest<\/a><\/div>\r\n                            <div class=\"stat uppercase\"><i class=\"fa fa-eye\"><\/i>4,794<\/div>\r\n                    <\/div>\r\n    <\/div>\r\n    <div class=\"content\">\r\n        <div class=\"sub-heading\"><a href=\"https:\/\/lemmel.com\/?p=632\">New York<\/a><\/div>\r\n        <p>H\u00f6stlovsbes\u00f6k i NYC<\/p>    <\/div>\r\n    <a href=\"https:\/\/lemmel.com\/?p=632\" class=\"button button-small\">Read more<\/a>\r\n<\/div>\r\n<div id=\"post-618\" class=\"blog-post-big post-618 post type-post status-publish format-standard has-post-thumbnail hentry category-lemmels-latest tag-previous\">\r\n    \t<div class=\"text-center\"><a href=\"https:\/\/lemmel.com\/?p=618\"><img decoding=\"async\" src=\"https:\/\/lemmel.com\/wp-content\/uploads\/2018\/10\/DSC_0286-940x629.jpg\" class=\"image\" alt=\"Gotska Sand\u00f6n\" \/><\/a><\/div>\r\n    <div class=\"info\">\r\n        <div class=\"arrow\"><\/div>\r\n        <div class=\"stats clearfix\">\r\n            <div class=\"stat uppercase\"><i class=\"fa fa-calendar\"><\/i>2018-10-26<\/div>\r\n            <div class=\"stat uppercase\"><i class=\"fa fa-user\"><\/i><a href=\"https:\/\/lemmel.com\/?author=1\" title=\"Posts by lemmel@lemmel.com\" rel=\"author\">lemmel@lemmel.com<\/a><\/div>\r\n            <div class=\"stat uppercase\"><i class=\"fa fa-folder-o\"><\/i><a href=\"https:\/\/lemmel.com\/?cat=14\" rel=\"category\">Lemmels Latest<\/a><\/div>\r\n                            <div class=\"stat uppercase\"><i class=\"fa fa-eye\"><\/i>4,688<\/div>\r\n                    <\/div>\r\n    <\/div>\r\n    <div class=\"content\">\r\n        <div class=\"sub-heading\"><a href=\"https:\/\/lemmel.com\/?p=618\">Gotska Sand\u00f6n<\/a><\/div>\r\n        <p>As most of our visits to the island, alone on the beach !<\/p>    <\/div>\r\n    <a href=\"https:\/\/lemmel.com\/?p=618\" class=\"button button-small\">Read more<\/a>\r\n<\/div>\r\n<div id=\"post-616\" class=\"blog-post-big post-616 post type-post status-publish format-standard has-post-thumbnail hentry category-lemmels-latest tag-previous\">\r\n    \t<div class=\"text-center\"><a href=\"https:\/\/lemmel.com\/?p=616\"><img decoding=\"async\" src=\"https:\/\/lemmel.com\/wp-content\/uploads\/2018\/10\/DSC_0162-940x629.jpg\" class=\"image\" alt=\"Stora Karls\u00f6\" \/><\/a><\/div>\r\n    <div class=\"info\">\r\n        <div class=\"arrow\"><\/div>\r\n        <div class=\"stats clearfix\">\r\n            <div class=\"stat uppercase\"><i class=\"fa fa-calendar\"><\/i>2018-10-26<\/div>\r\n            <div class=\"stat uppercase\"><i class=\"fa fa-user\"><\/i><a href=\"https:\/\/lemmel.com\/?author=1\" title=\"Posts by lemmel@lemmel.com\" rel=\"author\">lemmel@lemmel.com<\/a><\/div>\r\n            <div class=\"stat uppercase\"><i class=\"fa fa-folder-o\"><\/i><a href=\"https:\/\/lemmel.com\/?cat=14\" rel=\"category\">Lemmels Latest<\/a><\/div>\r\n                            <div class=\"stat uppercase\"><i class=\"fa fa-eye\"><\/i>4,668<\/div>\r\n                    <\/div>\r\n    <\/div>\r\n    <div class=\"content\">\r\n        <div class=\"sub-heading\"><a href=\"https:\/\/lemmel.com\/?p=616\">Stora Karls\u00f6<\/a><\/div>\r\n        <p>Stora Karls\u00f6 is not easy to access<\/p>    <\/div>\r\n    <a href=\"https:\/\/lemmel.com\/?p=616\" class=\"button button-small\">Read more<\/a>\r\n<\/div>\r\n<div id=\"post-610\" class=\"blog-post-big post-610 post type-post status-publish format-standard has-post-thumbnail hentry category-lemmels-latest tag-previous\">\r\n    \t<div class=\"text-center\"><a href=\"https:\/\/lemmel.com\/?p=610\"><img decoding=\"async\" src=\"https:\/\/lemmel.com\/wp-content\/uploads\/2018\/10\/DSC_0055-940x629.jpg\" class=\"image\" alt=\"Saltmine in Saltzburg\" \/><\/a><\/div>\r\n    <div class=\"info\">\r\n        <div class=\"arrow\"><\/div>\r\n        <div class=\"stats clearfix\">\r\n            <div class=\"stat uppercase\"><i class=\"fa fa-calendar\"><\/i>2018-10-26<\/div>\r\n            <div class=\"stat uppercase\"><i class=\"fa fa-user\"><\/i><a href=\"https:\/\/lemmel.com\/?author=1\" title=\"Posts by lemmel@lemmel.com\" rel=\"author\">lemmel@lemmel.com<\/a><\/div>\r\n            <div class=\"stat uppercase\"><i class=\"fa fa-folder-o\"><\/i><a href=\"https:\/\/lemmel.com\/?cat=14\" rel=\"category\">Lemmels Latest<\/a><\/div>\r\n                            <div class=\"stat uppercase\"><i class=\"fa fa-eye\"><\/i>1,198<\/div>\r\n                    <\/div>\r\n    <\/div>\r\n    <div class=\"content\">\r\n        <div class=\"sub-heading\"><a href=\"https:\/\/lemmel.com\/?p=610\">Saltmine in Saltzburg<\/a><\/div>\r\n        <p>Checkout of mining and production of AlpenJodSalz in Salzburg mines<\/p>    <\/div>\r\n    <a href=\"https:\/\/lemmel.com\/?p=610\" class=\"button button-small\">Read more<\/a>\r\n<\/div>\r\n<div id=\"post-608\" class=\"blog-post-big post-608 post type-post status-publish format-standard has-post-thumbnail hentry category-lemmels-latest tag-previous\">\r\n    \t<div class=\"text-center\"><a href=\"https:\/\/lemmel.com\/?p=608\"><img decoding=\"async\" src=\"https:\/\/lemmel.com\/wp-content\/uploads\/2018\/10\/DSC_0064-940x629.jpg\" class=\"image\" alt=\"Hangar 7 (Redbull HQ)\" \/><\/a><\/div>\r\n    <div class=\"info\">\r\n        <div class=\"arrow\"><\/div>\r\n        <div class=\"stats clearfix\">\r\n            <div class=\"stat uppercase\"><i class=\"fa fa-calendar\"><\/i>2018-10-26<\/div>\r\n            <div class=\"stat uppercase\"><i class=\"fa fa-user\"><\/i><a href=\"https:\/\/lemmel.com\/?author=1\" title=\"Posts by lemmel@lemmel.com\" rel=\"author\">lemmel@lemmel.com<\/a><\/div>\r\n            <div class=\"stat uppercase\"><i class=\"fa fa-folder-o\"><\/i><a href=\"https:\/\/lemmel.com\/?cat=14\" rel=\"category\">Lemmels Latest<\/a><\/div>\r\n                            <div class=\"stat uppercase\"><i class=\"fa fa-eye\"><\/i>1,210<\/div>\r\n                    <\/div>\r\n    <\/div>\r\n    <div class=\"content\">\r\n        <div class=\"sub-heading\"><a href=\"https:\/\/lemmel.com\/?p=608\">Hangar 7 (Redbull HQ)<\/a><\/div>\r\n        <p>Saltzburgs event place No1<\/p>    <\/div>\r\n    <a href=\"https:\/\/lemmel.com\/?p=608\" class=\"button button-small\">Read more<\/a>\r\n<\/div>\r\n<div id=\"post-422\" class=\"blog-post-big post-422 post type-post status-publish format-standard has-post-thumbnail hentry category-lemmels-latest tag-previous\">\r\n    \t<div class=\"text-center\"><a href=\"https:\/\/lemmel.com\/?p=422\"><img decoding=\"async\" src=\"https:\/\/lemmel.com\/wp-content\/uploads\/2018\/06\/dubai-17-940x958.jpg\" class=\"image\" alt=\"Dubai\" \/><\/a><\/div>\r\n    <div class=\"info\">\r\n        <div class=\"arrow\"><\/div>\r\n        <div class=\"stats clearfix\">\r\n            <div class=\"stat uppercase\"><i class=\"fa fa-calendar\"><\/i>2018-06-20<\/div>\r\n            <div class=\"stat uppercase\"><i class=\"fa fa-user\"><\/i><a href=\"https:\/\/lemmel.com\/?author=1\" title=\"Posts by lemmel@lemmel.com\" rel=\"author\">lemmel@lemmel.com<\/a><\/div>\r\n            <div class=\"stat uppercase\"><i class=\"fa fa-folder-o\"><\/i><a href=\"https:\/\/lemmel.com\/?cat=14\" rel=\"category\">Lemmels Latest<\/a><\/div>\r\n                            <div class=\"stat uppercase\"><i class=\"fa fa-eye\"><\/i>1,174<\/div>\r\n                    <\/div>\r\n    <\/div>\r\n    <div class=\"content\">\r\n        <div class=\"sub-heading\"><a href=\"https:\/\/lemmel.com\/?p=422\">Dubai<\/a><\/div>\r\n        <p>+35 grader p\u00e5 Atlantis !<\/p>    <\/div>\r\n    <a href=\"https:\/\/lemmel.com\/?p=422\" class=\"button button-small\">Read more<\/a>\r\n<\/div>\r\n<div id=\"post-385\" class=\"blog-post-big post-385 post type-post status-publish format-standard has-post-thumbnail hentry category-lemmels-latest tag-previous\">\r\n    \t<div class=\"text-center\"><a href=\"https:\/\/lemmel.com\/?p=385\"><img decoding=\"async\" src=\"https:\/\/lemmel.com\/wp-content\/uploads\/2018\/06\/shanghai-940x629.jpg\" class=\"image\" alt=\"Shanghai Ny\u00e5r\" \/><\/a><\/div>\r\n    <div class=\"info\">\r\n        <div class=\"arrow\"><\/div>\r\n        <div class=\"stats clearfix\">\r\n            <div class=\"stat uppercase\"><i class=\"fa fa-calendar\"><\/i>2018-06-14<\/div>\r\n            <div class=\"stat uppercase\"><i class=\"fa fa-user\"><\/i><a href=\"https:\/\/lemmel.com\/?author=1\" title=\"Posts by lemmel@lemmel.com\" rel=\"author\">lemmel@lemmel.com<\/a><\/div>\r\n            <div class=\"stat uppercase\"><i class=\"fa fa-folder-o\"><\/i><a href=\"https:\/\/lemmel.com\/?cat=14\" rel=\"category\">Lemmels Latest<\/a><\/div>\r\n                            <div class=\"stat uppercase\"><i class=\"fa fa-eye\"><\/i>1,132<\/div>\r\n                    <\/div>\r\n    <\/div>\r\n    <div class=\"content\">\r\n        <div class=\"sub-heading\"><a href=\"https:\/\/lemmel.com\/?p=385\">Shanghai Ny\u00e5r<\/a><\/div>\r\n        <p>Ny\u00e5r i Shanghai. Lagom firande d\u00e5 kinesernas ny\u00e5r f\u00f6ljer deras kalender och inte firades sista december.<\/p>    <\/div>\r\n    <a href=\"https:\/\/lemmel.com\/?p=385\" class=\"button button-small\">Read more<\/a>\r\n<\/div>\r\n<div id=\"post-426\" class=\"blog-post-big post-426 post type-post status-publish format-standard has-post-thumbnail hentry category-lemmels-latest tag-previous\">\r\n    \t<div class=\"text-center\"><a href=\"https:\/\/lemmel.com\/?p=426\"><img decoding=\"async\" src=\"https:\/\/lemmel.com\/wp-content\/uploads\/2018\/06\/DSC_0103-940x629.jpg\" class=\"image\" alt=\"Happy new year 2017\" \/><\/a><\/div>\r\n    <div class=\"info\">\r\n        <div class=\"arrow\"><\/div>\r\n        <div class=\"stats clearfix\">\r\n            <div class=\"stat uppercase\"><i class=\"fa fa-calendar\"><\/i>2017-01-01<\/div>\r\n            <div class=\"stat uppercase\"><i class=\"fa fa-user\"><\/i><a href=\"https:\/\/lemmel.com\/?author=1\" title=\"Posts by lemmel@lemmel.com\" rel=\"author\">lemmel@lemmel.com<\/a><\/div>\r\n            <div class=\"stat uppercase\"><i class=\"fa fa-folder-o\"><\/i><a href=\"https:\/\/lemmel.com\/?cat=14\" rel=\"category\">Lemmels Latest<\/a><\/div>\r\n                            <div class=\"stat uppercase\"><i class=\"fa fa-eye\"><\/i>1,338<\/div>\r\n                    <\/div>\r\n    <\/div>\r\n    <div class=\"content\">\r\n        <div class=\"sub-heading\"><a href=\"https:\/\/lemmel.com\/?p=426\">Happy new year 2017<\/a><\/div>\r\n        <p>Happy New Year 2017<\/p>    <\/div>\r\n    <a href=\"https:\/\/lemmel.com\/?p=426\" class=\"button button-small\">Read more<\/a>\r\n<\/div>\r\n<\/div>[\/vc_column]<\/div><\/div>\n<\/div>","protected":false},"excerpt":{"rendered":"[vc_column] 2021-01-01 lemmel@lemmel.com Lemmels Latest 4,195 Ny\u00c5r(e) 2021 -21 celsius clear weather at the top of \u00c5reskutan Read more 2020-01-01 lemmel@lemmel.com Lemmels Latest 4,070 New Year 2020 In Tokyo Nowone knew what 2020 would look like&#8230; Read more 2019-01-10 lemmel@lemmel.com Lemmels Latest 4,064 New Year 2019 in HongKong Top Air quality at the peak, clear [...]","protected":false},"author":1,"featured_media":0,"parent":0,"menu_order":0,"comment_status":"closed","ping_status":"closed","template":"","meta":{"_monsterinsights_skip_tracking":false,"_monsterinsights_sitenote_active":false,"_monsterinsights_sitenote_note":"","_monsterinsights_sitenote_category":0,"footnotes":""},"class_list":["post-661","page","type-page","status-publish","hentry"],"_links":{"self":[{"href":"https:\/\/lemmel.com\/index.php?rest_route=\/wp\/v2\/pages\/661","targetHints":{"allow":["GET"]}}],"collection":[{"href":"https:\/\/lemmel.com\/index.php?rest_route=\/wp\/v2\/pages"}],"about":[{"href":"https:\/\/lemmel.com\/index.php?rest_route=\/wp\/v2\/types\/page"}],"author":[{"embeddable":true,"href":"https:\/\/lemmel.com\/index.php?rest_route=\/wp\/v2\/users\/1"}],"replies":[{"embeddable":true,"href":"https:\/\/lemmel.com\/index.php?rest_route=%2Fwp%2Fv2%2Fcomments&post=661"}],"version-history":[{"count":4,"href":"https:\/\/lemmel.com\/index.php?rest_route=\/wp\/v2\/pages\/661\/revisions"}],"predecessor-version":[{"id":666,"href":"https:\/\/lemmel.com\/index.php?rest_route=\/wp\/v2\/pages\/661\/revisions\/666"}],"wp:attachment":[{"href":"https:\/\/lemmel.com\/index.php?rest_route=%2Fwp%2Fv2%2Fmedia&parent=661"}],"curies":[{"name":"wp","href":"https:\/\/api.w.org\/{rel}","templated":true}]}}